{"id":7403,"date":"2025-09-19T09:11:11","date_gmt":"2025-09-19T07:11:11","guid":{"rendered":"https:\/\/epa-energies.fr\/?page_id=7403"},"modified":"2025-09-19T09:11:12","modified_gmt":"2025-09-19T07:11:12","slug":"systemes-domotiques","status":"publish","type":"page","link":"https:\/\/epa-energies.fr\/index.php\/systemes-domotiques\/","title":{"rendered":"Syst\u00e8mes domotiques"},"content":{"rendered":"\n<p>Gr\u00e2ce \u00e0 un syst\u00e8me domotique, vous pourrez d\u00e9marrer des charges (chauffe-eau, chauffage, lave-vaisselle, lave-linge, pompe de piscine, borne de recharge de v\u00e9hicule \u00e9lectrique&#8230;) quand il y a un surplus de production solaire.<\/p>\n\n\n\n<p>Cela permet ainsi de maximiser l&rsquo;autoconsommation de votre \u00e9nergie solaire, pour r\u00e9duire encore plus vos factures d&rsquo;\u00e9lectricit\u00e9.<\/p>\n\n\n\n<p><\/p>\n\n\n\n<p><strong>Voici un exemple de syst\u00e8me domotique Wiser par Schneider Electric :<\/strong><\/p>\n\n\n\n<p>Le syst\u00e8me&nbsp;<strong>Wiser<\/strong>&nbsp;offre une plus grande efficacit\u00e9 \u00e9nerg\u00e9tique de la maison connect\u00e9e, gr\u00e2ce \u00e0 une meilleure gestion des consommations d\u2019\u00e9nergie.<\/p>\n\n\n\n<p>Le syst\u00e8me pour la maison connect\u00e9e&nbsp;<strong>Wiser<\/strong>&nbsp;permet l\u2019automatisation et le pilotage des fonctionnalit\u00e9s du logement : chauffage, volets-roulants, \u00e9clairage, recharge voiture \u00e9lectrique\u2026, en quelques clics depuis l\u2019application mobile&nbsp;<strong>Wiser<\/strong>&nbsp;Home. Evolutive, la solution&nbsp;<strong>Wiser<\/strong>&nbsp;permet de commencer simplement avec le contr\u00f4le d\u2019une fonction et demain, d\u2019enrichir son \u00e9cosyst\u00e8me en fonction de son installation et de ses besoins.<\/p>\n\n\n\n<figure class=\"wp-block-image aligncenter size-full\"><img fetchpriority=\"high\" decoding=\"async\" width=\"800\" height=\"450\" src=\"https:\/\/epa-energies.fr\/wp-content\/uploads\/2025\/09\/Guide-Wiser-IC-800x450-1.jpg\" alt=\"Application de domotique Wiser by Schneider Electric\" class=\"wp-image-7405\" srcset=\"https:\/\/epa-energies.fr\/wp-content\/uploads\/2025\/09\/Guide-Wiser-IC-800x450-1.jpg 800w, https:\/\/epa-energies.fr\/wp-content\/uploads\/2025\/09\/Guide-Wiser-IC-800x450-1-300x169.jpg 300w, https:\/\/epa-energies.fr\/wp-content\/uploads\/2025\/09\/Guide-Wiser-IC-800x450-1-600x338.jpg 600w\" sizes=\"(max-width: 800px) 100vw, 800px\" \/><\/figure>\n","protected":false},"excerpt":{"rendered":"<p>Gr\u00e2ce \u00e0 un syst\u00e8me domotique, vous pourrez d\u00e9marrer des charges (chauffe-eau, chauffage, lave-vaisselle, lave-linge, pompe de piscine, borne de recharge de v\u00e9hicule \u00e9lectrique&#8230;) quand il y a un surplus de production solaire. Cela permet ainsi de maximiser l&rsquo;autoconsommation de votre \u00e9nergie solaire, pour r\u00e9duire encore plus vos factures d&rsquo;\u00e9lectricit\u00e9. Voici un exemple de syst\u00e8me domotique &hellip; <\/p>\n<p class=\"link-more\"><a href=\"https:\/\/epa-energies.fr\/index.php\/systemes-domotiques\/\" class=\"more-link\">Lire la suite de<span class=\"screen-reader-text\">\u00ab\u00a0Syst\u00e8mes domotiques\u00a0\u00bb<\/span><\/a><\/p>\n","protected":false},"author":1,"featured_media":7405,"parent":0,"menu_order":0,"comment_status":"closed","ping_status":"closed","template":"","meta":{"inspiro_hide_title":false,"footnotes":""},"class_list":["post-7403","page","type-page","status-publish","has-post-thumbnail","hentry"],"aioseo_notices":[],"featured_media_urls":{"thumbnail":["https:\/\/epa-energies.fr\/wp-content\/uploads\/2025\/09\/Guide-Wiser-IC-800x450-1-150x150.jpg",150,150,true],"medium":["https:\/\/epa-energies.fr\/wp-content\/uploads\/2025\/09\/Guide-Wiser-IC-800x450-1-300x169.jpg",300,169,true],"medium_large":["https:\/\/epa-energies.fr\/wp-content\/uploads\/2025\/09\/Guide-Wiser-IC-800x450-1.jpg",768,432,false],"large":["https:\/\/epa-energies.fr\/wp-content\/uploads\/2025\/09\/Guide-Wiser-IC-800x450-1.jpg",800,450,false],"1536x1536":["https:\/\/epa-energies.fr\/wp-content\/uploads\/2025\/09\/Guide-Wiser-IC-800x450-1.jpg",800,450,false],"2048x2048":["https:\/\/epa-energies.fr\/wp-content\/uploads\/2025\/09\/Guide-Wiser-IC-800x450-1.jpg",800,450,false],"inspiro-featured-image":["https:\/\/epa-energies.fr\/wp-content\/uploads\/2025\/09\/Guide-Wiser-IC-800x450-1.jpg",800,450,false],"inspiro-loop":["https:\/\/epa-energies.fr\/wp-content\/uploads\/2025\/09\/Guide-Wiser-IC-800x450-1-800x320.jpg",800,320,true],"inspiro-loop@2x":["https:\/\/epa-energies.fr\/wp-content\/uploads\/2025\/09\/Guide-Wiser-IC-800x450-1.jpg",800,450,false],"portfolio_item-thumbnail":["https:\/\/epa-energies.fr\/wp-content\/uploads\/2025\/09\/Guide-Wiser-IC-800x450-1-600x400.jpg",600,400,true],"portfolio_item-thumbnail@2x":["https:\/\/epa-energies.fr\/wp-content\/uploads\/2025\/09\/Guide-Wiser-IC-800x450-1.jpg",800,450,false],"portfolio_item-masonry":["https:\/\/epa-energies.fr\/wp-content\/uploads\/2025\/09\/Guide-Wiser-IC-800x450-1-600x338.jpg",600,338,true],"portfolio_item-masonry@2x":["https:\/\/epa-energies.fr\/wp-content\/uploads\/2025\/09\/Guide-Wiser-IC-800x450-1.jpg",800,450,false],"portfolio_item-thumbnail_cinema":["https:\/\/epa-energies.fr\/wp-content\/uploads\/2025\/09\/Guide-Wiser-IC-800x450-1-800x335.jpg",800,335,true],"portfolio_item-thumbnail_portrait":["https:\/\/epa-energies.fr\/wp-content\/uploads\/2025\/09\/Guide-Wiser-IC-800x450-1-600x450.jpg",600,450,true],"portfolio_item-thumbnail_portrait@2x":["https:\/\/epa-energies.fr\/wp-content\/uploads\/2025\/09\/Guide-Wiser-IC-800x450-1.jpg",800,450,false],"portfolio_item-thumbnail_square":["https:\/\/epa-energies.fr\/wp-content\/uploads\/2025\/09\/Guide-Wiser-IC-800x450-1.jpg",800,450,false]},"_links":{"self":[{"href":"https:\/\/epa-energies.fr\/index.php\/wp-json\/wp\/v2\/pages\/7403","targetHints":{"allow":["GET"]}}],"collection":[{"href":"https:\/\/epa-energies.fr\/index.php\/wp-json\/wp\/v2\/pages"}],"about":[{"href":"https:\/\/epa-energies.fr\/index.php\/wp-json\/wp\/v2\/types\/page"}],"author":[{"embeddable":true,"href":"https:\/\/epa-energies.fr\/index.php\/wp-json\/wp\/v2\/users\/1"}],"replies":[{"embeddable":true,"href":"https:\/\/epa-energies.fr\/index.php\/wp-json\/wp\/v2\/comments?post=7403"}],"version-history":[{"count":1,"href":"https:\/\/epa-energies.fr\/index.php\/wp-json\/wp\/v2\/pages\/7403\/revisions"}],"predecessor-version":[{"id":7406,"href":"https:\/\/epa-energies.fr\/index.php\/wp-json\/wp\/v2\/pages\/7403\/revisions\/7406"}],"wp:featuredmedia":[{"embeddable":true,"href":"https:\/\/epa-energies.fr\/index.php\/wp-json\/wp\/v2\/media\/7405"}],"wp:attachment":[{"href":"https:\/\/epa-energies.fr\/index.php\/wp-json\/wp\/v2\/media?parent=7403"}],"curies":[{"name":"wp","href":"https:\/\/api.w.org\/{rel}","templated":true}]}}