{"id":6898,"date":"2023-09-14T15:45:04","date_gmt":"2023-09-14T13:45:04","guid":{"rendered":"http:\/\/epa-energies.fr\/?page_id=6898"},"modified":"2024-11-07T20:18:57","modified_gmt":"2024-11-07T19:18:57","slug":"carports-solaires","status":"publish","type":"page","link":"https:\/\/epa-energies.fr\/index.php\/carports-solaires\/","title":{"rendered":"Carports solaires"},"content":{"rendered":"\n<p>Un carport solaire est \u00e0 la fois esth\u00e9tique et fonctionnel : il permet d&rsquo;abriter des v\u00e9hicules et de produire sa propre \u00e9nergie. Une borne de recharge peut \u00eatre install\u00e9e dessous.<\/p>\n\n\n\n<figure class=\"wp-block-gallery has-nested-images columns-default is-cropped wp-block-gallery-1 is-layout-flex wp-block-gallery-is-layout-flex\">\n<figure class=\"wp-block-image size-large\"><img decoding=\"async\" data-id=\"6902\" src=\"http:\/\/epa-energies.fr\/wp-content\/uploads\/2023\/09\/20210318_112726.jpg\" alt=\"\" class=\"wp-image-6902\"\/><\/figure>\n\n\n\n<figure class=\"wp-block-image size-large\"><img fetchpriority=\"high\" decoding=\"async\" width=\"1024\" height=\"768\" data-id=\"6904\" src=\"http:\/\/epa-energies.fr\/wp-content\/uploads\/2023\/09\/20210318_112736-1024x768.jpg\" alt=\"\" class=\"wp-image-6904\" srcset=\"https:\/\/epa-energies.fr\/wp-content\/uploads\/2023\/09\/20210318_112736-1024x768.jpg 1024w, https:\/\/epa-energies.fr\/wp-content\/uploads\/2023\/09\/20210318_112736-300x225.jpg 300w, https:\/\/epa-energies.fr\/wp-content\/uploads\/2023\/09\/20210318_112736-768x576.jpg 768w, https:\/\/epa-energies.fr\/wp-content\/uploads\/2023\/09\/20210318_112736-1536x1152.jpg 1536w, https:\/\/epa-energies.fr\/wp-content\/uploads\/2023\/09\/20210318_112736-2048x1536.jpg 2048w, https:\/\/epa-energies.fr\/wp-content\/uploads\/2023\/09\/20210318_112736-2000x1500.jpg 2000w, https:\/\/epa-energies.fr\/wp-content\/uploads\/2023\/09\/20210318_112736-600x450.jpg 600w, https:\/\/epa-energies.fr\/wp-content\/uploads\/2023\/09\/20210318_112736-1200x900.jpg 1200w, https:\/\/epa-energies.fr\/wp-content\/uploads\/2023\/09\/20210318_112736-scaled.jpg 1500w\" sizes=\"(max-width: 1024px) 100vw, 1024px\" \/><\/figure>\n\n\n\n<figure class=\"wp-block-image size-large\"><img decoding=\"async\" width=\"1024\" height=\"803\" data-id=\"7115\" src=\"https:\/\/epa-energies.fr\/wp-content\/uploads\/2024\/04\/20240409_121449-1024x803.jpg\" alt=\"\" class=\"wp-image-7115\" srcset=\"https:\/\/epa-energies.fr\/wp-content\/uploads\/2024\/04\/20240409_121449-1024x803.jpg 1024w, https:\/\/epa-energies.fr\/wp-content\/uploads\/2024\/04\/20240409_121449-300x235.jpg 300w, https:\/\/epa-energies.fr\/wp-content\/uploads\/2024\/04\/20240409_121449-2000x1568.jpg 2000w, https:\/\/epa-energies.fr\/wp-content\/uploads\/2024\/04\/20240409_121449-scaled.jpg 1500w\" sizes=\"(max-width: 1024px) 100vw, 1024px\" \/><\/figure>\n\n\n\n<figure class=\"wp-block-image size-large\"><img decoding=\"async\" width=\"1024\" height=\"768\" data-id=\"7113\" src=\"https:\/\/epa-energies.fr\/wp-content\/uploads\/2024\/04\/20240409_114916-1024x768.jpg\" alt=\"\" class=\"wp-image-7113\" srcset=\"https:\/\/epa-energies.fr\/wp-content\/uploads\/2024\/04\/20240409_114916-1024x768.jpg 1024w, https:\/\/epa-energies.fr\/wp-content\/uploads\/2024\/04\/20240409_114916-300x225.jpg 300w, https:\/\/epa-energies.fr\/wp-content\/uploads\/2024\/04\/20240409_114916-2000x1500.jpg 2000w, https:\/\/epa-energies.fr\/wp-content\/uploads\/2024\/04\/20240409_114916-scaled.jpg 1500w\" sizes=\"(max-width: 1024px) 100vw, 1024px\" \/><\/figure>\n\n\n\n<figure class=\"wp-block-image size-large\"><img loading=\"lazy\" decoding=\"async\" width=\"1024\" height=\"768\" data-id=\"7114\" src=\"https:\/\/epa-energies.fr\/wp-content\/uploads\/2024\/04\/20240409_120715-1024x768.jpg\" alt=\"\" class=\"wp-image-7114\" srcset=\"https:\/\/epa-energies.fr\/wp-content\/uploads\/2024\/04\/20240409_120715-1024x768.jpg 1024w, https:\/\/epa-energies.fr\/wp-content\/uploads\/2024\/04\/20240409_120715-300x225.jpg 300w, https:\/\/epa-energies.fr\/wp-content\/uploads\/2024\/04\/20240409_120715-2000x1500.jpg 2000w, https:\/\/epa-energies.fr\/wp-content\/uploads\/2024\/04\/20240409_120715-scaled.jpg 1500w\" sizes=\"(max-width: 1024px) 100vw, 1024px\" \/><\/figure>\n\n\n\n<figure class=\"wp-block-image size-large\"><img loading=\"lazy\" decoding=\"async\" width=\"1024\" height=\"768\" data-id=\"7116\" src=\"https:\/\/epa-energies.fr\/wp-content\/uploads\/2024\/04\/20240409_123531-1024x768.jpg\" alt=\"\" class=\"wp-image-7116\" srcset=\"https:\/\/epa-energies.fr\/wp-content\/uploads\/2024\/04\/20240409_123531-1024x768.jpg 1024w, https:\/\/epa-energies.fr\/wp-content\/uploads\/2024\/04\/20240409_123531-300x225.jpg 300w, https:\/\/epa-energies.fr\/wp-content\/uploads\/2024\/04\/20240409_123531-2000x1500.jpg 2000w, https:\/\/epa-energies.fr\/wp-content\/uploads\/2024\/04\/20240409_123531-scaled.jpg 1500w\" sizes=\"(max-width: 1024px) 100vw, 1024px\" \/><\/figure>\n\n\n\n<figure class=\"wp-block-image size-large\"><img loading=\"lazy\" decoding=\"async\" width=\"1024\" height=\"768\" data-id=\"7168\" src=\"https:\/\/epa-energies.fr\/wp-content\/uploads\/2024\/11\/20241106_091936-1024x768.jpg\" alt=\"\" class=\"wp-image-7168\" srcset=\"https:\/\/epa-energies.fr\/wp-content\/uploads\/2024\/11\/20241106_091936-1024x768.jpg 1024w, https:\/\/epa-energies.fr\/wp-content\/uploads\/2024\/11\/20241106_091936-300x225.jpg 300w, https:\/\/epa-energies.fr\/wp-content\/uploads\/2024\/11\/20241106_091936-2000x1500.jpg 2000w, https:\/\/epa-energies.fr\/wp-content\/uploads\/2024\/11\/20241106_091936-scaled.jpg 1500w\" sizes=\"(max-width: 1024px) 100vw, 1024px\" \/><\/figure>\n\n\n\n<figure class=\"wp-block-image size-large\"><img loading=\"lazy\" decoding=\"async\" width=\"1024\" height=\"768\" data-id=\"7175\" src=\"https:\/\/epa-energies.fr\/wp-content\/uploads\/2024\/11\/20241106_114034-1024x768.jpg\" alt=\"\" class=\"wp-image-7175\" srcset=\"https:\/\/epa-energies.fr\/wp-content\/uploads\/2024\/11\/20241106_114034-1024x768.jpg 1024w, https:\/\/epa-energies.fr\/wp-content\/uploads\/2024\/11\/20241106_114034-300x225.jpg 300w, https:\/\/epa-energies.fr\/wp-content\/uploads\/2024\/11\/20241106_114034-2000x1500.jpg 2000w, https:\/\/epa-energies.fr\/wp-content\/uploads\/2024\/11\/20241106_114034-scaled.jpg 1500w\" sizes=\"(max-width: 1024px) 100vw, 1024px\" \/><\/figure>\n\n\n\n<figure class=\"wp-block-image size-large\"><img loading=\"lazy\" decoding=\"async\" width=\"1024\" height=\"768\" data-id=\"7176\" src=\"https:\/\/epa-energies.fr\/wp-content\/uploads\/2024\/11\/20241106_114603-1024x768.jpg\" alt=\"\" class=\"wp-image-7176\" srcset=\"https:\/\/epa-energies.fr\/wp-content\/uploads\/2024\/11\/20241106_114603-1024x768.jpg 1024w, https:\/\/epa-energies.fr\/wp-content\/uploads\/2024\/11\/20241106_114603-300x225.jpg 300w, https:\/\/epa-energies.fr\/wp-content\/uploads\/2024\/11\/20241106_114603-2000x1500.jpg 2000w, https:\/\/epa-energies.fr\/wp-content\/uploads\/2024\/11\/20241106_114603-scaled.jpg 1500w\" sizes=\"(max-width: 1024px) 100vw, 1024px\" \/><\/figure>\n\n\n\n<figure class=\"wp-block-image size-full\"><img decoding=\"async\" data-id=\"7169\" src=\"http:\/\/epa-energies.fr\/wp-content\/uploads\/2024\/11\/20241106_115312.jpg\" alt=\"\" class=\"wp-image-7169\"\/><\/figure>\n\n\n\n<figure class=\"wp-block-image size-large\"><img loading=\"lazy\" decoding=\"async\" width=\"1024\" height=\"768\" data-id=\"7166\" src=\"https:\/\/epa-energies.fr\/wp-content\/uploads\/2024\/11\/20241106_122316-1024x768.jpg\" alt=\"\" class=\"wp-image-7166\" srcset=\"https:\/\/epa-energies.fr\/wp-content\/uploads\/2024\/11\/20241106_122316-1024x768.jpg 1024w, https:\/\/epa-energies.fr\/wp-content\/uploads\/2024\/11\/20241106_122316-300x225.jpg 300w, https:\/\/epa-energies.fr\/wp-content\/uploads\/2024\/11\/20241106_122316-2000x1500.jpg 2000w, https:\/\/epa-energies.fr\/wp-content\/uploads\/2024\/11\/20241106_122316-scaled-1536x1152.jpg 1536w, https:\/\/epa-energies.fr\/wp-content\/uploads\/2024\/11\/20241106_122316-scaled-2048x1536.jpg 2048w, https:\/\/epa-energies.fr\/wp-content\/uploads\/2024\/11\/20241106_122316-scaled-600x450.jpg 600w, https:\/\/epa-energies.fr\/wp-content\/uploads\/2024\/11\/20241106_122316-scaled-1200x900.jpg 1200w, https:\/\/epa-energies.fr\/wp-content\/uploads\/2024\/11\/20241106_122316-scaled.jpg 1500w\" sizes=\"(max-width: 1024px) 100vw, 1024px\" \/><\/figure>\n\n\n\n<figure class=\"wp-block-image size-large\"><img loading=\"lazy\" decoding=\"async\" width=\"1500\" height=\"1125\" data-id=\"7167\" src=\"https:\/\/epa-energies.fr\/wp-content\/uploads\/2024\/11\/20241106_161744-scaled.jpg\" alt=\"\" class=\"wp-image-7167\" srcset=\"https:\/\/epa-energies.fr\/wp-content\/uploads\/2024\/11\/20241106_161744-scaled.jpg 1500w, https:\/\/epa-energies.fr\/wp-content\/uploads\/2024\/11\/20241106_161744-300x225.jpg 300w\" sizes=\"(max-width: 1500px) 100vw, 1500px\" \/><\/figure>\n<\/figure>\n\n\n\n<hr class=\"wp-block-separator has-alpha-channel-opacity\"\/>\n\n\n\n<p>Notre soci\u00e9t\u00e9 EPA Energies a nou\u00e9 un partenariat avec la soci\u00e9t\u00e9 GENELIOS \u00e0 Dardilly, qui propose des carports solaires en aluminium haut de gamme.<\/p>\n\n\n\n<p>Nous sommes installateurs pour cette marque, comme le montre l&rsquo;attestation ci-dessous :<\/p>\n\n\n\n<figure class=\"wp-block-image size-large\"><img loading=\"lazy\" decoding=\"async\" width=\"1024\" height=\"724\" src=\"http:\/\/epa-energies.fr\/wp-content\/uploads\/2024\/04\/Attestation-Formation-GENELIOS-scaled-e1713538085914-1024x724.jpg\" alt=\"\" class=\"wp-image-7119\" srcset=\"https:\/\/epa-energies.fr\/wp-content\/uploads\/2024\/04\/Attestation-Formation-GENELIOS-scaled-e1713538085914-1024x724.jpg 1024w, https:\/\/epa-energies.fr\/wp-content\/uploads\/2024\/04\/Attestation-Formation-GENELIOS-scaled-e1713538085914-300x212.jpg 300w, https:\/\/epa-energies.fr\/wp-content\/uploads\/2024\/04\/Attestation-Formation-GENELIOS-scaled-e1713538085914-2000x1414.jpg 2000w, https:\/\/epa-energies.fr\/wp-content\/uploads\/2024\/04\/Attestation-Formation-GENELIOS-scaled-e1713538085914-768x543.jpg 768w, https:\/\/epa-energies.fr\/wp-content\/uploads\/2024\/04\/Attestation-Formation-GENELIOS-scaled-e1713538085914-1536x1086.jpg 1536w, https:\/\/epa-energies.fr\/wp-content\/uploads\/2024\/04\/Attestation-Formation-GENELIOS-scaled-e1713538085914-2048x1448.jpg 2048w, https:\/\/epa-energies.fr\/wp-content\/uploads\/2024\/04\/Attestation-Formation-GENELIOS-scaled-e1713538085914-600x424.jpg 600w, https:\/\/epa-energies.fr\/wp-content\/uploads\/2024\/04\/Attestation-Formation-GENELIOS-scaled-e1713538085914-1200x848.jpg 1200w, https:\/\/epa-energies.fr\/wp-content\/uploads\/2024\/04\/Attestation-Formation-GENELIOS-scaled-e1713538085914.jpg 1500w\" sizes=\"(max-width: 1024px) 100vw, 1024px\" \/><\/figure>\n","protected":false},"excerpt":{"rendered":"<p>Un carport solaire est \u00e0 la fois esth\u00e9tique et fonctionnel : il permet d&rsquo;abriter des v\u00e9hicules et de produire sa propre \u00e9nergie. Une borne de recharge peut \u00eatre install\u00e9e dessous. Notre soci\u00e9t\u00e9 EPA Energies a nou\u00e9 un partenariat avec la soci\u00e9t\u00e9 GENELIOS \u00e0 Dardilly, qui propose des carports solaires en aluminium haut de gamme. Nous &hellip; <\/p>\n<p class=\"link-more\"><a href=\"https:\/\/epa-energies.fr\/index.php\/carports-solaires\/\" class=\"more-link\">Lire la suite de<span class=\"screen-reader-text\">\u00ab\u00a0Carports solaires\u00a0\u00bb<\/span><\/a><\/p>\n","protected":false},"author":1,"featured_media":0,"parent":0,"menu_order":0,"comment_status":"closed","ping_status":"closed","template":"","meta":{"inspiro_hide_title":false,"footnotes":""},"class_list":["post-6898","page","type-page","status-publish","hentry"],"aioseo_notices":[],"featured_media_urls":[],"_links":{"self":[{"href":"https:\/\/epa-energies.fr\/index.php\/wp-json\/wp\/v2\/pages\/6898","targetHints":{"allow":["GET"]}}],"collection":[{"href":"https:\/\/epa-energies.fr\/index.php\/wp-json\/wp\/v2\/pages"}],"about":[{"href":"https:\/\/epa-energies.fr\/index.php\/wp-json\/wp\/v2\/types\/page"}],"author":[{"embeddable":true,"href":"https:\/\/epa-energies.fr\/index.php\/wp-json\/wp\/v2\/users\/1"}],"replies":[{"embeddable":true,"href":"https:\/\/epa-energies.fr\/index.php\/wp-json\/wp\/v2\/comments?post=6898"}],"version-history":[{"count":8,"href":"https:\/\/epa-energies.fr\/index.php\/wp-json\/wp\/v2\/pages\/6898\/revisions"}],"predecessor-version":[{"id":7177,"href":"https:\/\/epa-energies.fr\/index.php\/wp-json\/wp\/v2\/pages\/6898\/revisions\/7177"}],"wp:attachment":[{"href":"https:\/\/epa-energies.fr\/index.php\/wp-json\/wp\/v2\/media?parent=6898"}],"curies":[{"name":"wp","href":"https:\/\/api.w.org\/{rel}","templated":true}]}}