{"id":6891,"date":"2023-09-14T15:41:50","date_gmt":"2023-09-14T13:41:50","guid":{"rendered":"http:\/\/epa-energies.fr\/?page_id=6891"},"modified":"2024-10-31T13:56:48","modified_gmt":"2024-10-31T12:56:48","slug":"bornes-de-recharge-de-vehicules-electriques","status":"publish","type":"page","link":"https:\/\/epa-energies.fr\/index.php\/bornes-de-recharge-de-vehicules-electriques\/","title":{"rendered":"Bornes de recharge de v\u00e9hicules \u00e9lectriques"},"content":{"rendered":"\n<p>Une borne de recharge pour v\u00e9hicules \u00e9lectriques permet de recharger rapidement \u00e0 domicile sa voiture \u00e9lectrique. Si vous avez install\u00e9 des panneaux solaires photovolta\u00efques, vous pouvez ainsi charger votre voiture avec l&rsquo;\u00e9nergie solaire !<\/p>\n\n\n\n<p>Nous vous proposons plusieurs bornes de v\u00e9hicules \u00e9lectriques, qui permettent de charger avec le surplus solaire :<\/p>\n\n\n\n<figure class=\"wp-block-table\"><table class=\"has-fixed-layout\"><tbody><tr><td class=\"has-text-align-center\" data-align=\"center\">WALLBOX Pulsar Plus 7.4 &#8211; 22kW<\/td><td class=\"has-text-align-center\" data-align=\"center\">VICTRON Borne 7.4 &#8211; 22kW<\/td><td class=\"has-text-align-center\" data-align=\"center\">SCHNEIDER Charge 7.4 &#8211; 22kW<\/td><\/tr><tr><td class=\"has-text-align-center\" data-align=\"center\"><img fetchpriority=\"high\" decoding=\"async\" width=\"450\" height=\"450\" class=\"wp-image-7155\" style=\"width: 450px;\" src=\"http:\/\/epa-energies.fr\/wp-content\/uploads\/2024\/10\/Wallbox-Plusar-Plus.webp\" alt=\"\" srcset=\"https:\/\/epa-energies.fr\/wp-content\/uploads\/2024\/10\/Wallbox-Plusar-Plus.webp 800w, https:\/\/epa-energies.fr\/wp-content\/uploads\/2024\/10\/Wallbox-Plusar-Plus-300x300.webp 300w, https:\/\/epa-energies.fr\/wp-content\/uploads\/2024\/10\/Wallbox-Plusar-Plus-150x150.webp 150w\" sizes=\"(max-width: 450px) 100vw, 450px\" \/><\/td><td class=\"has-text-align-center\" data-align=\"center\"><img decoding=\"async\" width=\"450\" height=\"450\" class=\"wp-image-7157\" style=\"width: 450px;\" src=\"http:\/\/epa-energies.fr\/wp-content\/uploads\/2024\/10\/i-29757-0-product-borne-de-recharge-pour-vehicule-electrique-22-kw-victron.jpg\" alt=\"\" srcset=\"https:\/\/epa-energies.fr\/wp-content\/uploads\/2024\/10\/i-29757-0-product-borne-de-recharge-pour-vehicule-electrique-22-kw-victron.jpg 500w, https:\/\/epa-energies.fr\/wp-content\/uploads\/2024\/10\/i-29757-0-product-borne-de-recharge-pour-vehicule-electrique-22-kw-victron-300x300.jpg 300w, https:\/\/epa-energies.fr\/wp-content\/uploads\/2024\/10\/i-29757-0-product-borne-de-recharge-pour-vehicule-electrique-22-kw-victron-150x150.jpg 150w\" sizes=\"(max-width: 450px) 100vw, 450px\" \/><\/td><td class=\"has-text-align-center\" data-align=\"center\"><img decoding=\"async\" width=\"220\" height=\"311\" class=\"wp-image-7158\" style=\"width: 220px;\" src=\"http:\/\/epa-energies.fr\/wp-content\/uploads\/2024\/10\/Schneider-charge.png\" alt=\"\" srcset=\"https:\/\/epa-energies.fr\/wp-content\/uploads\/2024\/10\/Schneider-charge.png 600w, https:\/\/epa-energies.fr\/wp-content\/uploads\/2024\/10\/Schneider-charge-213x300.png 213w\" sizes=\"(max-width: 220px) 100vw, 220px\" \/><\/td><\/tr><\/tbody><\/table><\/figure>\n\n\n\n<p>Nous avons la certification IRVE, ce qui vous permet de b\u00e9n\u00e9ficier du cr\u00e9dit d&rsquo;imp\u00f4ts de 500\u20ac pour une borne de recharge pilotable, et ce ind\u00e9pendemment du plafond de ressouces :<\/p>\n\n\n\n<figure class=\"wp-block-image size-full\"><img loading=\"lazy\" decoding=\"async\" width=\"917\" height=\"610\" src=\"https:\/\/epa-energies.fr\/wp-content\/uploads\/2024\/10\/image.png\" alt=\"\" class=\"wp-image-7159\" srcset=\"https:\/\/epa-energies.fr\/wp-content\/uploads\/2024\/10\/image.png 917w, https:\/\/epa-energies.fr\/wp-content\/uploads\/2024\/10\/image-300x200.png 300w, https:\/\/epa-energies.fr\/wp-content\/uploads\/2024\/10\/image-600x400.png 600w\" sizes=\"(max-width: 917px) 100vw, 917px\" \/><\/figure>\n\n\n\n<figure class=\"wp-block-image aligncenter size-full\"><img loading=\"lazy\" decoding=\"async\" width=\"500\" height=\"601\" src=\"https:\/\/epa-energies.fr\/wp-content\/uploads\/2024\/10\/logo-IRVE-L500.jpg\" alt=\"\" class=\"wp-image-7160\" srcset=\"https:\/\/epa-energies.fr\/wp-content\/uploads\/2024\/10\/logo-IRVE-L500.jpg 500w, https:\/\/epa-energies.fr\/wp-content\/uploads\/2024\/10\/logo-IRVE-L500-250x300.jpg 250w\" sizes=\"(max-width: 500px) 100vw, 500px\" \/><\/figure>\n\n\n\n<figure class=\"wp-block-image size-large\"><img loading=\"lazy\" decoding=\"async\" width=\"1024\" height=\"810\" src=\"https:\/\/epa-energies.fr\/wp-content\/uploads\/2024\/10\/image-1-1024x810.png\" alt=\"\" class=\"wp-image-7161\" srcset=\"https:\/\/epa-energies.fr\/wp-content\/uploads\/2024\/10\/image-1-1024x810.png 1024w, https:\/\/epa-energies.fr\/wp-content\/uploads\/2024\/10\/image-1-300x237.png 300w, https:\/\/epa-energies.fr\/wp-content\/uploads\/2024\/10\/image-1.png 1100w\" sizes=\"(max-width: 1024px) 100vw, 1024px\" \/><\/figure>\n","protected":false},"excerpt":{"rendered":"<p>Une borne de recharge pour v\u00e9hicules \u00e9lectriques permet de recharger rapidement \u00e0 domicile sa voiture \u00e9lectrique. Si vous avez install\u00e9 des panneaux solaires photovolta\u00efques, vous pouvez ainsi charger votre voiture avec l&rsquo;\u00e9nergie solaire ! Nous vous proposons plusieurs bornes de v\u00e9hicules \u00e9lectriques, qui permettent de charger avec le surplus solaire : WALLBOX Pulsar Plus 7.4 &hellip; <\/p>\n<p class=\"link-more\"><a href=\"https:\/\/epa-energies.fr\/index.php\/bornes-de-recharge-de-vehicules-electriques\/\" class=\"more-link\">Lire la suite de<span class=\"screen-reader-text\">\u00ab\u00a0Bornes de recharge de v\u00e9hicules \u00e9lectriques\u00a0\u00bb<\/span><\/a><\/p>\n","protected":false},"author":1,"featured_media":0,"parent":0,"menu_order":0,"comment_status":"closed","ping_status":"closed","template":"","meta":{"inspiro_hide_title":false,"footnotes":""},"class_list":["post-6891","page","type-page","status-publish","hentry"],"aioseo_notices":[],"featured_media_urls":[],"_links":{"self":[{"href":"https:\/\/epa-energies.fr\/index.php\/wp-json\/wp\/v2\/pages\/6891","targetHints":{"allow":["GET"]}}],"collection":[{"href":"https:\/\/epa-energies.fr\/index.php\/wp-json\/wp\/v2\/pages"}],"about":[{"href":"https:\/\/epa-energies.fr\/index.php\/wp-json\/wp\/v2\/types\/page"}],"author":[{"embeddable":true,"href":"https:\/\/epa-energies.fr\/index.php\/wp-json\/wp\/v2\/users\/1"}],"replies":[{"embeddable":true,"href":"https:\/\/epa-energies.fr\/index.php\/wp-json\/wp\/v2\/comments?post=6891"}],"version-history":[{"count":3,"href":"https:\/\/epa-energies.fr\/index.php\/wp-json\/wp\/v2\/pages\/6891\/revisions"}],"predecessor-version":[{"id":7162,"href":"https:\/\/epa-energies.fr\/index.php\/wp-json\/wp\/v2\/pages\/6891\/revisions\/7162"}],"wp:attachment":[{"href":"https:\/\/epa-energies.fr\/index.php\/wp-json\/wp\/v2\/media?parent=6891"}],"curies":[{"name":"wp","href":"https:\/\/api.w.org\/{rel}","templated":true}]}}