{"id":6878,"date":"2023-09-14T14:59:38","date_gmt":"2023-09-14T12:59:38","guid":{"rendered":"http:\/\/epa-energies.fr\/?page_id=6878"},"modified":"2023-09-14T15:03:18","modified_gmt":"2023-09-14T13:03:18","slug":"installations-photovoltaiques","status":"publish","type":"page","link":"https:\/\/epa-energies.fr\/index.php\/installations-photovoltaiques\/","title":{"rendered":"Installations photovolta\u00efques"},"content":{"rendered":"\n<p>Une installation photovolta\u00efque sert \u00e0 capter l&rsquo;\u00e9nergie du soleil et la transformer en \u00e9nergie utilisable dans la maison.<\/p>\n\n\n\n<figure class=\"wp-block-gallery has-nested-images columns-default is-cropped wp-block-gallery-1 is-layout-flex wp-block-gallery-is-layout-flex\">\n<figure class=\"wp-block-image size-large\"><img fetchpriority=\"high\" decoding=\"async\" width=\"1024\" height=\"768\" data-id=\"6702\" src=\"http:\/\/epa-energies.fr\/wp-content\/uploads\/2023\/09\/20230906_143012-1024x768.jpg\" alt=\"\" class=\"wp-image-6702\" srcset=\"https:\/\/epa-energies.fr\/wp-content\/uploads\/2023\/09\/20230906_143012-1024x768.jpg 1024w, https:\/\/epa-energies.fr\/wp-content\/uploads\/2023\/09\/20230906_143012-300x225.jpg 300w, https:\/\/epa-energies.fr\/wp-content\/uploads\/2023\/09\/20230906_143012-768x576.jpg 768w, https:\/\/epa-energies.fr\/wp-content\/uploads\/2023\/09\/20230906_143012-1536x1152.jpg 1536w, https:\/\/epa-energies.fr\/wp-content\/uploads\/2023\/09\/20230906_143012-2048x1536.jpg 2048w, https:\/\/epa-energies.fr\/wp-content\/uploads\/2023\/09\/20230906_143012-2000x1500.jpg 2000w, https:\/\/epa-energies.fr\/wp-content\/uploads\/2023\/09\/20230906_143012-600x450.jpg 600w, https:\/\/epa-energies.fr\/wp-content\/uploads\/2023\/09\/20230906_143012-1200x900.jpg 1200w, https:\/\/epa-energies.fr\/wp-content\/uploads\/2023\/09\/20230906_143012-scaled.jpg 1500w\" sizes=\"(max-width: 1024px) 100vw, 1024px\" \/><\/figure>\n\n\n\n<figure class=\"wp-block-image size-large\"><img decoding=\"async\" width=\"1024\" height=\"428\" data-id=\"6809\" src=\"http:\/\/epa-energies.fr\/wp-content\/uploads\/2023\/09\/20230906_153930-2-1024x428.jpg\" alt=\"\" class=\"wp-image-6809\" srcset=\"https:\/\/epa-energies.fr\/wp-content\/uploads\/2023\/09\/20230906_153930-2-1024x428.jpg 1024w, https:\/\/epa-energies.fr\/wp-content\/uploads\/2023\/09\/20230906_153930-2-300x126.jpg 300w, https:\/\/epa-energies.fr\/wp-content\/uploads\/2023\/09\/20230906_153930-2-768x321.jpg 768w, https:\/\/epa-energies.fr\/wp-content\/uploads\/2023\/09\/20230906_153930-2-1536x643.jpg 1536w, https:\/\/epa-energies.fr\/wp-content\/uploads\/2023\/09\/20230906_153930-2-2048x857.jpg 2048w, https:\/\/epa-energies.fr\/wp-content\/uploads\/2023\/09\/20230906_153930-2-2000x837.jpg 2000w, https:\/\/epa-energies.fr\/wp-content\/uploads\/2023\/09\/20230906_153930-2-600x251.jpg 600w, https:\/\/epa-energies.fr\/wp-content\/uploads\/2023\/09\/20230906_153930-2-1200x502.jpg 1200w, https:\/\/epa-energies.fr\/wp-content\/uploads\/2023\/09\/20230906_153930-2-800x335.jpg 800w, https:\/\/epa-energies.fr\/wp-content\/uploads\/2023\/09\/20230906_153930-2-scaled.jpg 1500w\" sizes=\"(max-width: 1024px) 100vw, 1024px\" \/><\/figure>\n\n\n\n<figure class=\"wp-block-image size-large\"><img decoding=\"async\" width=\"1024\" height=\"768\" data-id=\"6695\" src=\"http:\/\/epa-energies.fr\/wp-content\/uploads\/2023\/09\/20230906_105555-1024x768.jpg\" alt=\"\" class=\"wp-image-6695\" srcset=\"https:\/\/epa-energies.fr\/wp-content\/uploads\/2023\/09\/20230906_105555-1024x768.jpg 1024w, https:\/\/epa-energies.fr\/wp-content\/uploads\/2023\/09\/20230906_105555-300x225.jpg 300w, https:\/\/epa-energies.fr\/wp-content\/uploads\/2023\/09\/20230906_105555-768x576.jpg 768w, https:\/\/epa-energies.fr\/wp-content\/uploads\/2023\/09\/20230906_105555-1536x1152.jpg 1536w, https:\/\/epa-energies.fr\/wp-content\/uploads\/2023\/09\/20230906_105555-2048x1536.jpg 2048w, https:\/\/epa-energies.fr\/wp-content\/uploads\/2023\/09\/20230906_105555-2000x1500.jpg 2000w, https:\/\/epa-energies.fr\/wp-content\/uploads\/2023\/09\/20230906_105555-600x450.jpg 600w, https:\/\/epa-energies.fr\/wp-content\/uploads\/2023\/09\/20230906_105555-1200x900.jpg 1200w, https:\/\/epa-energies.fr\/wp-content\/uploads\/2023\/09\/20230906_105555-scaled.jpg 1500w\" sizes=\"(max-width: 1024px) 100vw, 1024px\" \/><\/figure>\n\n\n\n<figure class=\"wp-block-image size-large\"><img loading=\"lazy\" decoding=\"async\" width=\"1024\" height=\"768\" data-id=\"6687\" src=\"http:\/\/epa-energies.fr\/wp-content\/uploads\/2023\/09\/20230822_083706-1024x768.jpg\" alt=\"\" class=\"wp-image-6687\" srcset=\"https:\/\/epa-energies.fr\/wp-content\/uploads\/2023\/09\/20230822_083706-1024x768.jpg 1024w, https:\/\/epa-energies.fr\/wp-content\/uploads\/2023\/09\/20230822_083706-300x225.jpg 300w, https:\/\/epa-energies.fr\/wp-content\/uploads\/2023\/09\/20230822_083706-768x576.jpg 768w, https:\/\/epa-energies.fr\/wp-content\/uploads\/2023\/09\/20230822_083706-1536x1152.jpg 1536w, https:\/\/epa-energies.fr\/wp-content\/uploads\/2023\/09\/20230822_083706-2048x1536.jpg 2048w, https:\/\/epa-energies.fr\/wp-content\/uploads\/2023\/09\/20230822_083706-2000x1500.jpg 2000w, https:\/\/epa-energies.fr\/wp-content\/uploads\/2023\/09\/20230822_083706-600x450.jpg 600w, https:\/\/epa-energies.fr\/wp-content\/uploads\/2023\/09\/20230822_083706-1200x900.jpg 1200w, https:\/\/epa-energies.fr\/wp-content\/uploads\/2023\/09\/20230822_083706-scaled.jpg 1500w\" sizes=\"(max-width: 1024px) 100vw, 1024px\" \/><\/figure>\n\n\n\n<figure class=\"wp-block-image size-large\"><img loading=\"lazy\" decoding=\"async\" width=\"768\" height=\"1024\" data-id=\"6681\" src=\"http:\/\/epa-energies.fr\/wp-content\/uploads\/2023\/09\/20230821_121641-768x1024.jpg\" alt=\"\" class=\"wp-image-6681\" srcset=\"https:\/\/epa-energies.fr\/wp-content\/uploads\/2023\/09\/20230821_121641-768x1024.jpg 768w, https:\/\/epa-energies.fr\/wp-content\/uploads\/2023\/09\/20230821_121641-225x300.jpg 225w, https:\/\/epa-energies.fr\/wp-content\/uploads\/2023\/09\/20230821_121641-1152x1536.jpg 1152w, https:\/\/epa-energies.fr\/wp-content\/uploads\/2023\/09\/20230821_121641-1536x2048.jpg 1536w, https:\/\/epa-energies.fr\/wp-content\/uploads\/2023\/09\/20230821_121641-2000x2667.jpg 2000w, https:\/\/epa-energies.fr\/wp-content\/uploads\/2023\/09\/20230821_121641-600x800.jpg 600w, https:\/\/epa-energies.fr\/wp-content\/uploads\/2023\/09\/20230821_121641-1200x1600.jpg 1200w, https:\/\/epa-energies.fr\/wp-content\/uploads\/2023\/09\/20230821_121641-scaled.jpg 1125w\" sizes=\"(max-width: 768px) 100vw, 768px\" \/><\/figure>\n\n\n\n<figure class=\"wp-block-image size-large\"><img loading=\"lazy\" decoding=\"async\" width=\"1500\" height=\"1125\" data-id=\"6879\" src=\"http:\/\/epa-energies.fr\/wp-content\/uploads\/2023\/09\/20221122_211252-scaled.jpg\" alt=\"\" class=\"wp-image-6879\" srcset=\"https:\/\/epa-energies.fr\/wp-content\/uploads\/2023\/09\/20221122_211252-scaled.jpg 1500w, https:\/\/epa-energies.fr\/wp-content\/uploads\/2023\/09\/20221122_211252-300x225.jpg 300w\" sizes=\"(max-width: 1500px) 100vw, 1500px\" \/><\/figure>\n\n\n\n<figure class=\"wp-block-image size-large\"><img loading=\"lazy\" decoding=\"async\" width=\"1024\" height=\"768\" data-id=\"6881\" src=\"http:\/\/epa-energies.fr\/wp-content\/uploads\/2023\/09\/20221122_200019-1024x768.jpg\" alt=\"\" class=\"wp-image-6881\" srcset=\"https:\/\/epa-energies.fr\/wp-content\/uploads\/2023\/09\/20221122_200019-1024x768.jpg 1024w, https:\/\/epa-energies.fr\/wp-content\/uploads\/2023\/09\/20221122_200019-300x225.jpg 300w, https:\/\/epa-energies.fr\/wp-content\/uploads\/2023\/09\/20221122_200019-768x576.jpg 768w, https:\/\/epa-energies.fr\/wp-content\/uploads\/2023\/09\/20221122_200019-1536x1152.jpg 1536w, https:\/\/epa-energies.fr\/wp-content\/uploads\/2023\/09\/20221122_200019-2048x1536.jpg 2048w, https:\/\/epa-energies.fr\/wp-content\/uploads\/2023\/09\/20221122_200019-2000x1500.jpg 2000w, https:\/\/epa-energies.fr\/wp-content\/uploads\/2023\/09\/20221122_200019-scaled.jpg 1500w\" sizes=\"(max-width: 1024px) 100vw, 1024px\" \/><\/figure>\n\n\n\n<figure class=\"wp-block-image size-large\"><img loading=\"lazy\" decoding=\"async\" width=\"1024\" height=\"768\" data-id=\"6882\" src=\"http:\/\/epa-energies.fr\/wp-content\/uploads\/2023\/09\/20221122_200003-1024x768.jpg\" alt=\"\" class=\"wp-image-6882\" srcset=\"https:\/\/epa-energies.fr\/wp-content\/uploads\/2023\/09\/20221122_200003-1024x768.jpg 1024w, https:\/\/epa-energies.fr\/wp-content\/uploads\/2023\/09\/20221122_200003-300x225.jpg 300w, https:\/\/epa-energies.fr\/wp-content\/uploads\/2023\/09\/20221122_200003-768x576.jpg 768w, https:\/\/epa-energies.fr\/wp-content\/uploads\/2023\/09\/20221122_200003-1536x1152.jpg 1536w, https:\/\/epa-energies.fr\/wp-content\/uploads\/2023\/09\/20221122_200003-2048x1536.jpg 2048w, https:\/\/epa-energies.fr\/wp-content\/uploads\/2023\/09\/20221122_200003-2000x1500.jpg 2000w, https:\/\/epa-energies.fr\/wp-content\/uploads\/2023\/09\/20221122_200003-600x450.jpg 600w, https:\/\/epa-energies.fr\/wp-content\/uploads\/2023\/09\/20221122_200003-1200x900.jpg 1200w, https:\/\/epa-energies.fr\/wp-content\/uploads\/2023\/09\/20221122_200003-scaled.jpg 1500w\" sizes=\"(max-width: 1024px) 100vw, 1024px\" \/><\/figure>\n\n\n\n<figure class=\"wp-block-image size-large\"><img loading=\"lazy\" decoding=\"async\" width=\"768\" height=\"1024\" data-id=\"6710\" src=\"http:\/\/epa-energies.fr\/wp-content\/uploads\/2023\/09\/20230906_180238-768x1024.jpg\" alt=\"\" class=\"wp-image-6710\" srcset=\"https:\/\/epa-energies.fr\/wp-content\/uploads\/2023\/09\/20230906_180238-768x1024.jpg 768w, https:\/\/epa-energies.fr\/wp-content\/uploads\/2023\/09\/20230906_180238-225x300.jpg 225w, https:\/\/epa-energies.fr\/wp-content\/uploads\/2023\/09\/20230906_180238-1152x1536.jpg 1152w, https:\/\/epa-energies.fr\/wp-content\/uploads\/2023\/09\/20230906_180238-1536x2048.jpg 1536w, https:\/\/epa-energies.fr\/wp-content\/uploads\/2023\/09\/20230906_180238-2000x2667.jpg 2000w, https:\/\/epa-energies.fr\/wp-content\/uploads\/2023\/09\/20230906_180238-600x800.jpg 600w, https:\/\/epa-energies.fr\/wp-content\/uploads\/2023\/09\/20230906_180238-1200x1600.jpg 1200w, https:\/\/epa-energies.fr\/wp-content\/uploads\/2023\/09\/20230906_180238-scaled.jpg 1125w\" sizes=\"(max-width: 768px) 100vw, 768px\" \/><\/figure>\n<\/figure>\n","protected":false},"excerpt":{"rendered":"<p>Une installation photovolta\u00efque sert \u00e0 capter l&rsquo;\u00e9nergie du soleil et la transformer en \u00e9nergie utilisable dans la maison.<\/p>\n","protected":false},"author":1,"featured_media":6809,"parent":0,"menu_order":0,"comment_status":"closed","ping_status":"closed","template":"","meta":{"inspiro_hide_title":false,"footnotes":""},"class_list":["post-6878","page","type-page","status-publish","has-post-thumbnail","hentry"],"aioseo_notices":[],"featured_media_urls":{"thumbnail":["https:\/\/epa-energies.fr\/wp-content\/uploads\/2023\/09\/20230906_153930-2-150x150.jpg",150,150,true],"medium":["https:\/\/epa-energies.fr\/wp-content\/uploads\/2023\/09\/20230906_153930-2-300x126.jpg",300,126,true],"medium_large":["https:\/\/epa-energies.fr\/wp-content\/uploads\/2023\/09\/20230906_153930-2-768x321.jpg",768,321,true],"large":["https:\/\/epa-energies.fr\/wp-content\/uploads\/2023\/09\/20230906_153930-2-1024x428.jpg",950,397,true],"1536x1536":["https:\/\/epa-energies.fr\/wp-content\/uploads\/2023\/09\/20230906_153930-2-1536x643.jpg",1536,643,true],"2048x2048":["https:\/\/epa-energies.fr\/wp-content\/uploads\/2023\/09\/20230906_153930-2-2048x857.jpg",2048,857,true],"inspiro-featured-image":["https:\/\/epa-energies.fr\/wp-content\/uploads\/2023\/09\/20230906_153930-2-2000x837.jpg",2000,837,true],"inspiro-loop":["https:\/\/epa-energies.fr\/wp-content\/uploads\/2023\/09\/20230906_153930-2-950x320.jpg",950,320,true],"inspiro-loop@2x":["https:\/\/epa-energies.fr\/wp-content\/uploads\/2023\/09\/20230906_153930-2-1900x640.jpg",1900,640,true],"portfolio_item-thumbnail":["https:\/\/epa-energies.fr\/wp-content\/uploads\/2023\/09\/20230906_153930-2-600x400.jpg",600,400,true],"portfolio_item-thumbnail@2x":["https:\/\/epa-energies.fr\/wp-content\/uploads\/2023\/09\/20230906_153930-2-1200x800.jpg",1200,800,true],"portfolio_item-masonry":["https:\/\/epa-energies.fr\/wp-content\/uploads\/2023\/09\/20230906_153930-2-600x251.jpg",600,251,true],"portfolio_item-masonry@2x":["https:\/\/epa-energies.fr\/wp-content\/uploads\/2023\/09\/20230906_153930-2-1200x502.jpg",1200,502,true],"portfolio_item-thumbnail_cinema":["https:\/\/epa-energies.fr\/wp-content\/uploads\/2023\/09\/20230906_153930-2-800x335.jpg",800,335,true],"portfolio_item-thumbnail_portrait":["https:\/\/epa-energies.fr\/wp-content\/uploads\/2023\/09\/20230906_153930-2-600x900.jpg",600,900,true],"portfolio_item-thumbnail_portrait@2x":["https:\/\/epa-energies.fr\/wp-content\/uploads\/2023\/09\/20230906_153930-2-1200x1673.jpg",1200,1673,true],"portfolio_item-thumbnail_square":["https:\/\/epa-energies.fr\/wp-content\/uploads\/2023\/09\/20230906_153930-2-800x800.jpg",800,800,true]},"_links":{"self":[{"href":"https:\/\/epa-energies.fr\/index.php\/wp-json\/wp\/v2\/pages\/6878","targetHints":{"allow":["GET"]}}],"collection":[{"href":"https:\/\/epa-energies.fr\/index.php\/wp-json\/wp\/v2\/pages"}],"about":[{"href":"https:\/\/epa-energies.fr\/index.php\/wp-json\/wp\/v2\/types\/page"}],"author":[{"embeddable":true,"href":"https:\/\/epa-energies.fr\/index.php\/wp-json\/wp\/v2\/users\/1"}],"replies":[{"embeddable":true,"href":"https:\/\/epa-energies.fr\/index.php\/wp-json\/wp\/v2\/comments?post=6878"}],"version-history":[{"count":3,"href":"https:\/\/epa-energies.fr\/index.php\/wp-json\/wp\/v2\/pages\/6878\/revisions"}],"predecessor-version":[{"id":6889,"href":"https:\/\/epa-energies.fr\/index.php\/wp-json\/wp\/v2\/pages\/6878\/revisions\/6889"}],"wp:featuredmedia":[{"embeddable":true,"href":"https:\/\/epa-energies.fr\/index.php\/wp-json\/wp\/v2\/media\/6809"}],"wp:attachment":[{"href":"https:\/\/epa-energies.fr\/index.php\/wp-json\/wp\/v2\/media?parent=6878"}],"curies":[{"name":"wp","href":"https:\/\/api.w.org\/{rel}","templated":true}]}}