{"id":5206,"date":"2014-08-06T08:40:48","date_gmt":"2014-08-06T06:40:48","guid":{"rendered":"http:\/\/demo.wpzoom.com\/inspiro\/?page_id=5206"},"modified":"2025-09-18T17:03:24","modified_gmt":"2025-09-18T15:03:24","slug":"nos-chantiers","status":"publish","type":"page","link":"https:\/\/epa-energies.fr\/index.php\/nos-chantiers\/","title":{"rendered":"Nos chantiers"},"content":{"rendered":"\t\t<div data-elementor-type=\"wp-page\" data-elementor-id=\"5206\" class=\"elementor elementor-5206\">\n\t\t\t\t<div class=\"elementor-element elementor-element-7d515b2 e-flex e-con-boxed e-con e-parent\" data-id=\"7d515b2\" data-element_type=\"container\" data-e-type=\"container\">\n\t\t\t\t\t<div class=\"e-con-inner\">\n\t\t\t\t<div class=\"elementor-element elementor-element-8ed3a06 elementor-grid-3 elementor-grid-tablet-2 elementor-grid-mobile-1 elementor-widget elementor-widget-wpzoom-elementor-addons-posts-grid\" data-id=\"8ed3a06\" data-element_type=\"widget\" data-e-type=\"widget\" data-settings=\"{&quot;columns&quot;:&quot;3&quot;,&quot;columns_tablet&quot;:&quot;2&quot;,&quot;columns_mobile&quot;:&quot;1&quot;}\" data-widget_type=\"wpzoom-elementor-addons-posts-grid.default\">\n\t\t\t\t<div class=\"elementor-widget-container\">\n\t\t\t\t\t\t\t<div \n\t\t\tclass=\"wpz-grid\" \n\t\t\tdata-uid=\"8ed3a06\"\n\t\t\tdata-offset=\"12\"\n\t\t\tdata-posts-grid='{\"posts_per_page\":12,\"post_status\":\"publish\",\"paged\":1,\"post__not_in\":[],\"ignore_sticky_posts\":true,\"category_name\":\"installations\",\"no_found_rows\":true,\"orderby\":\"post_date\",\"order\":\"desc\",\"offset\":12,\"show_image\":\"yes\",\"post_thumbnail_size\":\"portfolio_item-thumbnail_square\",\"show_title\":\"yes\",\"title_tag\":\"h3\",\"meta_data\":[\"date\"],\"show_excerpt\":\"yes\",\"excerpt_length\":30,\"show_read_more\":\"yes\",\"read_more_text\":\"Lire la suite \\u00bb\",\"grid_style\":\"1\",\"total\":0}'>\n\t\t\t\t\t\t<div class=\"wpz-grid-container elementor-grid wpz-grid-desktop-3  wpz-grid-tablet-2  wpz-grid-mobile-1 \">\n\t\t\t\t\n        <article id=\"post-7274\" class=\"wpz-post post-7274 post type-post status-publish format-standard has-post-thumbnail hentry category-installations\">\n         \n            <div class=\"post-grid-inner\">\n            \t\n            \t\t\t\t<div class=\"post-grid-thumbnail\">\n\t\t\t\t<a href=\"https:\/\/epa-energies.fr\/index.php\/2025\/07\/12\/installation-photovoltaique-a-herbeys\/\" title=\"Installation photovolta\u00efque \u00e0 Herbeys\">\n\t\t\t\t\t<img fetchpriority=\"high\" decoding=\"async\" width=\"800\" height=\"800\" src=\"https:\/\/epa-energies.fr\/wp-content\/uploads\/2025\/09\/20250702_121953-scaled-800x800.jpg\" class=\"attachment-portfolio_item-thumbnail_square size-portfolio_item-thumbnail_square wp-post-image\" alt=\"\" srcset=\"https:\/\/epa-energies.fr\/wp-content\/uploads\/2025\/09\/20250702_121953-scaled-800x800.jpg 800w, https:\/\/epa-energies.fr\/wp-content\/uploads\/2025\/09\/20250702_121953-150x150.jpg 150w\" sizes=\"100vw\" \/>\t\t\t\t<\/a>\n\t\t\t<\/div>\n\t\t\n                <div class=\"post-grid-text-wrap\">\n               \t\t\t\t<h3 class=\"title\">\n\t\t\t<a href=\"https:\/\/epa-energies.fr\/index.php\/2025\/07\/12\/installation-photovoltaique-a-herbeys\/\" title=\"Installation photovolta\u00efque \u00e0 Herbeys\">Installation photovolta\u00efque \u00e0 Herbeys<\/a>\n\t\t<\/h3>\n\t\t\t                \t\t<div class=\"post-grid-meta\">\n\t\t\t<span class=\"post-date\">12 juillet 2025<\/span>\t\t<\/div>\n\t\t\t                <div class=\"post-grid-excerpt\"><p>Avec Th\u00e9o, Etienne et Thierry, nous avons assur\u00e9 la pose de 8kWc de panneaux photovolta\u00efque \u00e0 Herbeys, sur les contreforts de Belledonne. Nous avons fait le choix de micro-onduleurs double&hellip;<\/p>\n<\/div>\t                <a class=\"read-more-btn\" href=\"https:\/\/epa-energies.fr\/index.php\/2025\/07\/12\/installation-photovoltaique-a-herbeys\/\">Lire la suite \u00bb<\/a>                <\/div>\n\n            <\/div><!-- .blog-inner -->\n           \n        <\/article>\n\n        \n        <article id=\"post-7252\" class=\"wpz-post post-7252 post type-post status-publish format-standard has-post-thumbnail hentry category-installations\">\n         \n            <div class=\"post-grid-inner\">\n            \t\n            \t\t\t\t<div class=\"post-grid-thumbnail\">\n\t\t\t\t<a href=\"https:\/\/epa-energies.fr\/index.php\/2025\/05\/18\/installation-photovoltaique-sur-un-hangar-agricole-chartreuse-de-montrieux\/\" title=\"Installation photovolta\u00efque sur un hangar agricole &#8211; Chartreuse de Montrieux\">\n\t\t\t\t\t<img decoding=\"async\" width=\"800\" height=\"800\" src=\"https:\/\/epa-energies.fr\/wp-content\/uploads\/2025\/09\/20250507_190248-scaled-800x800.jpg\" class=\"attachment-portfolio_item-thumbnail_square size-portfolio_item-thumbnail_square wp-post-image\" alt=\"\" sizes=\"100vw\" \/>\t\t\t\t<\/a>\n\t\t\t<\/div>\n\t\t\n                <div class=\"post-grid-text-wrap\">\n               \t\t\t\t<h3 class=\"title\">\n\t\t\t<a href=\"https:\/\/epa-energies.fr\/index.php\/2025\/05\/18\/installation-photovoltaique-sur-un-hangar-agricole-chartreuse-de-montrieux\/\" title=\"Installation photovolta\u00efque sur un hangar agricole &#8211; Chartreuse de Montrieux\">Installation photovolta\u00efque sur un hangar agricole &#8211; Chartreuse de Montrieux<\/a>\n\t\t<\/h3>\n\t\t\t                \t\t<div class=\"post-grid-meta\">\n\t\t\t<span class=\"post-date\">18 mai 2025<\/span>\t\t<\/div>\n\t\t\t                <div class=\"post-grid-excerpt\"><p>En mai 2025, nous avons install\u00e9 100 panneaux photovolta\u00efques sur un hangar agricole de la Chartreuse de Montrieux dans le Var. Cette installation d&rsquo;une taille cons\u00e9quente a \u00e9t\u00e9 faite en&hellip;<\/p>\n<\/div>\t                <a class=\"read-more-btn\" href=\"https:\/\/epa-energies.fr\/index.php\/2025\/05\/18\/installation-photovoltaique-sur-un-hangar-agricole-chartreuse-de-montrieux\/\">Lire la suite \u00bb<\/a>                <\/div>\n\n            <\/div><!-- .blog-inner -->\n           \n        <\/article>\n\n        \n        <article id=\"post-7264\" class=\"wpz-post post-7264 post type-post status-publish format-standard has-post-thumbnail hentry category-installations\">\n         \n            <div class=\"post-grid-inner\">\n            \t\n            \t\t\t\t<div class=\"post-grid-thumbnail\">\n\t\t\t\t<a href=\"https:\/\/epa-energies.fr\/index.php\/2025\/03\/18\/installation-photovoltaique-8kwc-avec-stockage-batterie-sauvegarde-en-cas-de-coupure-edf\/\" title=\"Installation photovolta\u00efque 8kWc avec stockage batterie (sauvegarde en cas de coupure EDF)\">\n\t\t\t\t\t<img decoding=\"async\" width=\"800\" height=\"800\" src=\"https:\/\/epa-energies.fr\/wp-content\/uploads\/2025\/09\/20250527_173027-scaled-800x800.jpg\" class=\"attachment-portfolio_item-thumbnail_square size-portfolio_item-thumbnail_square wp-post-image\" alt=\"\" sizes=\"100vw\" \/>\t\t\t\t<\/a>\n\t\t\t<\/div>\n\t\t\n                <div class=\"post-grid-text-wrap\">\n               \t\t\t\t<h3 class=\"title\">\n\t\t\t<a href=\"https:\/\/epa-energies.fr\/index.php\/2025\/03\/18\/installation-photovoltaique-8kwc-avec-stockage-batterie-sauvegarde-en-cas-de-coupure-edf\/\" title=\"Installation photovolta\u00efque 8kWc avec stockage batterie (sauvegarde en cas de coupure EDF)\">Installation photovolta\u00efque 8kWc avec stockage batterie (sauvegarde en cas de coupure EDF)<\/a>\n\t\t<\/h3>\n\t\t\t                \t\t<div class=\"post-grid-meta\">\n\t\t\t<span class=\"post-date\">18 mars 2025<\/span>\t\t<\/div>\n\t\t\t                <div class=\"post-grid-excerpt\"><p>Voici une belle installation photovolta\u00efque sur Cr\u00eats-en-Belledonne, qui permet au client d&rsquo;\u00eatre autonome en cas de coupure de r\u00e9seau EDF. Nous lui avons install\u00e9 un onduleur VICTRON Multiplus de 8kVA,&hellip;<\/p>\n<\/div>\t                <a class=\"read-more-btn\" href=\"https:\/\/epa-energies.fr\/index.php\/2025\/03\/18\/installation-photovoltaique-8kwc-avec-stockage-batterie-sauvegarde-en-cas-de-coupure-edf\/\">Lire la suite \u00bb<\/a>                <\/div>\n\n            <\/div><!-- .blog-inner -->\n           \n        <\/article>\n\n        \n        <article id=\"post-7178\" class=\"wpz-post post-7178 post type-post status-publish format-standard has-post-thumbnail hentry category-installations tag-carports\">\n         \n            <div class=\"post-grid-inner\">\n            \t\n            \t\t\t\t<div class=\"post-grid-thumbnail\">\n\t\t\t\t<a href=\"https:\/\/epa-energies.fr\/index.php\/2024\/11\/07\/construction-dun-carport-solaire\/\" title=\"Construction d&rsquo;un Carport solaire en charpente bois traditionnelle\">\n\t\t\t\t\t<img loading=\"lazy\" decoding=\"async\" width=\"800\" height=\"800\" src=\"https:\/\/epa-energies.fr\/wp-content\/uploads\/2024\/11\/20241106_122316-scaled-800x800.jpg\" class=\"attachment-portfolio_item-thumbnail_square size-portfolio_item-thumbnail_square wp-post-image\" alt=\"\" srcset=\"https:\/\/epa-energies.fr\/wp-content\/uploads\/2024\/11\/20241106_122316-scaled-800x800.jpg 800w, https:\/\/epa-energies.fr\/wp-content\/uploads\/2024\/11\/20241106_122316-150x150.jpg 150w\" sizes=\"100vw\" \/>\t\t\t\t<\/a>\n\t\t\t<\/div>\n\t\t\n                <div class=\"post-grid-text-wrap\">\n               \t\t\t\t<h3 class=\"title\">\n\t\t\t<a href=\"https:\/\/epa-energies.fr\/index.php\/2024\/11\/07\/construction-dun-carport-solaire\/\" title=\"Construction d&rsquo;un Carport solaire en charpente bois traditionnelle\">Construction d&rsquo;un Carport solaire en charpente bois traditionnelle<\/a>\n\t\t<\/h3>\n\t\t\t                \t\t<div class=\"post-grid-meta\">\n\t\t\t<span class=\"post-date\">7 novembre 2024<\/span>\t\t<\/div>\n\t\t\t                <div class=\"post-grid-excerpt\"><p>Voici des photos de notre derni\u00e8re r\u00e9alisation, sur Voiron : un Carport solaire, c&rsquo;est-\u00e0-dire un abri pour deux voitures avec des panneaux photovolta\u00efques dessus. D&rsquo;une puissance de 5kWc, ces panneaux&hellip;<\/p>\n<\/div>\t                <a class=\"read-more-btn\" href=\"https:\/\/epa-energies.fr\/index.php\/2024\/11\/07\/construction-dun-carport-solaire\/\">Lire la suite \u00bb<\/a>                <\/div>\n\n            <\/div><!-- .blog-inner -->\n           \n        <\/article>\n\n        \n        <article id=\"post-7243\" class=\"wpz-post post-7243 post type-post status-publish format-standard has-post-thumbnail hentry category-actualites-du-solaire category-installations tag-coffret-ac-photovoltaique tag-nf-c-15-100 tag-resi9-energy-center\">\n         \n            <div class=\"post-grid-inner\">\n            \t\n            \t\t\t\t<div class=\"post-grid-thumbnail\">\n\t\t\t\t<a href=\"https:\/\/epa-energies.fr\/index.php\/2024\/03\/24\/installation-du-nouveau-tableau-resi9-energy-center-de-schneider-electric\/\" title=\"Installation du nouveau tableau \u00ab\u00a0Resi9 Energy Center\u00a0\u00bb de Schneider Electric\">\n\t\t\t\t\t<img loading=\"lazy\" decoding=\"async\" width=\"800\" height=\"800\" src=\"https:\/\/epa-energies.fr\/wp-content\/uploads\/2025\/09\/20240828_155653-scaled-800x800.jpg\" class=\"attachment-portfolio_item-thumbnail_square size-portfolio_item-thumbnail_square wp-post-image\" alt=\"\" srcset=\"https:\/\/epa-energies.fr\/wp-content\/uploads\/2025\/09\/20240828_155653-scaled-800x800.jpg 800w, https:\/\/epa-energies.fr\/wp-content\/uploads\/2025\/09\/20240828_155653-150x150.jpg 150w\" sizes=\"100vw\" \/>\t\t\t\t<\/a>\n\t\t\t<\/div>\n\t\t\n                <div class=\"post-grid-text-wrap\">\n               \t\t\t\t<h3 class=\"title\">\n\t\t\t<a href=\"https:\/\/epa-energies.fr\/index.php\/2024\/03\/24\/installation-du-nouveau-tableau-resi9-energy-center-de-schneider-electric\/\" title=\"Installation du nouveau tableau \u00ab\u00a0Resi9 Energy Center\u00a0\u00bb de Schneider Electric\">Installation du nouveau tableau \u00ab\u00a0Resi9 Energy Center\u00a0\u00bb de Schneider Electric<\/a>\n\t\t<\/h3>\n\t\t\t                \t\t<div class=\"post-grid-meta\">\n\t\t\t<span class=\"post-date\">24 mars 2024<\/span>\t\t<\/div>\n\t\t\t                <div class=\"post-grid-excerpt\"><p>Installation en avant-premi\u00e8re du nouveau Resi9 Energy Center de Schneider Electric, qui permet d&rsquo;aggr\u00e9ger dans un coffret du solaire photovolta\u00efque, une borne de recharge de v\u00e9hicule \u00e9lectrique, une pompe \u00e0&hellip;<\/p>\n<\/div>\t                <a class=\"read-more-btn\" href=\"https:\/\/epa-energies.fr\/index.php\/2024\/03\/24\/installation-du-nouveau-tableau-resi9-energy-center-de-schneider-electric\/\">Lire la suite \u00bb<\/a>                <\/div>\n\n            <\/div><!-- .blog-inner -->\n           \n        <\/article>\n\n        \t\t\t<\/div>\n\n\t\t\t\t\t\t\t\t\n\t\t<\/div><!-- \/\/.wpz-grid -->\n\t\t\t\t\t\t<\/div>\n\t\t\t\t<\/div>\n\t\t\t\t\t<\/div>\n\t\t\t\t<\/div>\n\t\t\t\t<\/div>\n\t\t","protected":false},"excerpt":{"rendered":"<p>Installation photovolta\u00efque \u00e0 Herbeys 12 juillet 2025 Avec Th\u00e9o, Etienne et Thierry, nous avons assur\u00e9 la pose de 8kWc de panneaux photovolta\u00efque \u00e0 Herbeys, sur les contreforts de Belledonne. Nous avons fait le choix de micro-onduleurs double entr\u00e9e de marque AP Systems pour cette installation. Le coffret AC a \u00e9t\u00e9 int\u00e9gr\u00e9 dans le tableau du &hellip; <\/p>\n<p class=\"link-more\"><a href=\"https:\/\/epa-energies.fr\/index.php\/2024\/03\/24\/installation-du-nouveau-tableau-resi9-energy-center-de-schneider-electric\/\" class=\"more-link\">Lire la suite de<span class=\"screen-reader-text\">\u00ab\u00a0Installation du nouveau tableau \u00ab\u00a0Resi9 Energy Center\u00a0\u00bb de Schneider Electric\u00a0\u00bb<\/span><\/a><\/p>\n","protected":false},"author":1,"featured_media":0,"parent":0,"menu_order":0,"comment_status":"closed","ping_status":"closed","template":"page-templates\/full-width-builder-bb.php","meta":{"inspiro_hide_title":false,"footnotes":""},"class_list":["post-5206","page","type-page","status-publish","hentry"],"aioseo_notices":[],"featured_media_urls":[],"_links":{"self":[{"href":"https:\/\/epa-energies.fr\/index.php\/wp-json\/wp\/v2\/pages\/5206","targetHints":{"allow":["GET"]}}],"collection":[{"href":"https:\/\/epa-energies.fr\/index.php\/wp-json\/wp\/v2\/pages"}],"about":[{"href":"https:\/\/epa-energies.fr\/index.php\/wp-json\/wp\/v2\/types\/page"}],"author":[{"embeddable":true,"href":"https:\/\/epa-energies.fr\/index.php\/wp-json\/wp\/v2\/users\/1"}],"replies":[{"embeddable":true,"href":"https:\/\/epa-energies.fr\/index.php\/wp-json\/wp\/v2\/comments?post=5206"}],"version-history":[{"count":18,"href":"https:\/\/epa-energies.fr\/index.php\/wp-json\/wp\/v2\/pages\/5206\/revisions"}],"predecessor-version":[{"id":7327,"href":"https:\/\/epa-energies.fr\/index.php\/wp-json\/wp\/v2\/pages\/5206\/revisions\/7327"}],"wp:attachment":[{"href":"https:\/\/epa-energies.fr\/index.php\/wp-json\/wp\/v2\/media?parent=5206"}],"curies":[{"name":"wp","href":"https:\/\/api.w.org\/{rel}","templated":true}]}}